{"id":54,"date":"2022-02-06T09:58:41","date_gmt":"2022-02-06T09:58:41","guid":{"rendered":"https:\/\/xstore.8theme.com\/elementor\/demos\/minimal-electronics\/?page_id=54"},"modified":"2024-04-15T15:19:31","modified_gmt":"2024-04-15T13:19:31","slug":"contact-us","status":"publish","type":"page","link":"https:\/\/homeydz.com\/index.php\/contact-us\/","title":{"rendered":"Contact us"},"content":{"rendered":"\t\t<div data-elementor-type=\"wp-page\" data-elementor-id=\"54\" class=\"elementor elementor-54\" data-elementor-post-type=\"page\">\n\t\t\t\t\t\t<section class=\"elementor-section elementor-top-section elementor-element elementor-element-289c744 elementor-section-boxed elementor-section-height-default elementor-section-height-default\" data-id=\"289c744\" data-element_type=\"section\">\n\t\t\t\t\t\t<div class=\"elementor-container elementor-column-gap-no\">\n\t\t\t\t\t<div class=\"elementor-column elementor-col-100 elementor-top-column elementor-element elementor-element-6bc9823\" data-id=\"6bc9823\" data-element_type=\"column\">\n\t\t\t<div class=\"elementor-widget-wrap elementor-element-populated\">\n\t\t\t\t\t\t<div class=\"elementor-element elementor-element-35460ee elementor-widget elementor-widget-heading\" data-id=\"35460ee\" data-element_type=\"widget\" data-widget_type=\"heading.default\">\n\t\t\t\t<div class=\"elementor-widget-container\">\n\t\t\t<style>\/*! elementor - v3.20.0 - 10-04-2024 *\/\n.elementor-heading-title{padding:0;margin:0;line-height:1}.elementor-widget-heading .elementor-heading-title[class*=elementor-size-]>a{color:inherit;font-size:inherit;line-height:inherit}.elementor-widget-heading .elementor-heading-title.elementor-size-small{font-size:15px}.elementor-widget-heading .elementor-heading-title.elementor-size-medium{font-size:19px}.elementor-widget-heading .elementor-heading-title.elementor-size-large{font-size:29px}.elementor-widget-heading .elementor-heading-title.elementor-size-xl{font-size:39px}.elementor-widget-heading .elementor-heading-title.elementor-size-xxl{font-size:59px}<\/style><h2 class=\"elementor-heading-title elementor-size-default\">Contact Us<\/h2>\t\t<\/div>\n\t\t\t\t<\/div>\n\t\t\t\t\t<\/div>\n\t\t<\/div>\n\t\t\t\t\t<\/div>\n\t\t<\/section>\n\t\t\t\t<section class=\"elementor-section elementor-top-section elementor-element elementor-element-a7466c1 elementor-section-content-middle elementor-section-boxed elementor-section-height-default elementor-section-height-default\" data-id=\"a7466c1\" data-element_type=\"section\">\n\t\t\t\t\t\t<div class=\"elementor-container elementor-column-gap-no\">\n\t\t\t\t\t<div class=\"elementor-column elementor-col-33 elementor-top-column elementor-element elementor-element-72f59609\" data-id=\"72f59609\" data-element_type=\"column\">\n\t\t\t<div class=\"elementor-widget-wrap elementor-element-populated\">\n\t\t\t\t\t\t<div class=\"elementor-element elementor-element-5b05f1fe elementor-align-center elementor-widget elementor-widget-etheme_icon_box\" data-id=\"5b05f1fe\" data-element_type=\"widget\" data-widget_type=\"etheme_icon_box.default\">\n\t\t\t\t<div class=\"elementor-widget-container\">\n\t\t\t\t\t\t<div class=\"etheme-icon-box etheme-icon-box-icon-position-top\">\r\n        \r\n                            \r\n                <div class=\"etheme-icon-box-icon etheme-icon-box-icon-type-image\">\r\n        \r\n                <img decoding=\"async\" width=\"113\" height=\"113\" src=\"https:\/\/homeydz.com\/wp-content\/uploads\/2024\/04\/iconamoon_location-pin-thin.png\" class=\"attachment-thumbnail size-thumbnail wp-image-2042\" alt=\"\" srcset=\"https:\/\/homeydz.com\/wp-content\/uploads\/2024\/04\/iconamoon_location-pin-thin.png 113w, https:\/\/homeydz.com\/wp-content\/uploads\/2024\/04\/iconamoon_location-pin-thin-100x100.png 100w, https:\/\/homeydz.com\/wp-content\/uploads\/2024\/04\/iconamoon_location-pin-thin-4x3.png 4w, https:\/\/homeydz.com\/wp-content\/uploads\/2024\/04\/iconamoon_location-pin-thin-10x10.png 10w\" sizes=\"(max-width: 113px) 100vw, 113px\" \/>        \r\n                <\/div>\r\n            \r\n                <div class=\"etheme-icon-box-content\">\r\n\t\t\r\n                                        \r\n                    \t\t\r\n                                            <p class=\"etheme-icon-box-description\">\r\n                            Algerie <br>\nAlger , Vieux Kouba                        <\/p>\r\n                    \r\n                            <a href=\"tel:+213540401075\" class=\"elementor-button-link elementor-button\" role=\"button\">\r\n                \r\n                    \r\n                <span class=\"button-text\">Phone: 0540401075<\/span>\r\n                \r\n                    \r\n            <\/a>\r\n                    \r\n                <\/div>\r\n\t\t\t<\/div>\r\n\t\t\t\t<\/div>\n\t\t\t\t<\/div>\n\t\t\t\t\t<\/div>\n\t\t<\/div>\n\t\t\t\t<div class=\"elementor-column elementor-col-33 elementor-top-column elementor-element elementor-element-45b27b75\" data-id=\"45b27b75\" data-element_type=\"column\">\n\t\t\t<div class=\"elementor-widget-wrap elementor-element-populated\">\n\t\t\t\t\t\t<div class=\"elementor-element elementor-element-dc40ec elementor-align-center elementor-widget elementor-widget-etheme_icon_box\" data-id=\"dc40ec\" data-element_type=\"widget\" data-widget_type=\"etheme_icon_box.default\">\n\t\t\t\t<div class=\"elementor-widget-container\">\n\t\t\t\t\t\t<div class=\"etheme-icon-box etheme-icon-box-icon-position-top\">\r\n        \r\n                            \r\n                <div class=\"etheme-icon-box-icon etheme-icon-box-icon-type-image\">\r\n        \r\n                <img decoding=\"async\" width=\"113\" height=\"113\" src=\"https:\/\/homeydz.com\/wp-content\/uploads\/2024\/04\/email.png\" class=\"attachment-thumbnail size-thumbnail wp-image-2040\" alt=\"\" srcset=\"https:\/\/homeydz.com\/wp-content\/uploads\/2024\/04\/email.png 113w, https:\/\/homeydz.com\/wp-content\/uploads\/2024\/04\/email-100x100.png 100w, https:\/\/homeydz.com\/wp-content\/uploads\/2024\/04\/email-4x3.png 4w, https:\/\/homeydz.com\/wp-content\/uploads\/2024\/04\/email-10x10.png 10w\" sizes=\"(max-width: 113px) 100vw, 113px\" \/>        \r\n                <\/div>\r\n            \r\n                <div class=\"etheme-icon-box-content\">\r\n\t\t\r\n                                        \r\n                    \t\t\r\n                                            <p class=\"etheme-icon-box-description\">\r\n                            Pour collaborer, n'h\u00e9sitez pas \u00e0 nous envoyer un email.                        <\/p>\r\n                    \r\n                            <a href=\"mailto:contact@homeydz.com\" class=\"elementor-button-link elementor-button\" role=\"button\">\r\n                \r\n                    \r\n                <span class=\"button-text\">contact@homeydz.com<\/span>\r\n                \r\n                    \r\n            <\/a>\r\n                    \r\n                <\/div>\r\n\t\t\t<\/div>\r\n\t\t\t\t<\/div>\n\t\t\t\t<\/div>\n\t\t\t\t\t<\/div>\n\t\t<\/div>\n\t\t\t\t<div class=\"elementor-column elementor-col-33 elementor-top-column elementor-element elementor-element-1343b102\" data-id=\"1343b102\" data-element_type=\"column\">\n\t\t\t<div class=\"elementor-widget-wrap elementor-element-populated\">\n\t\t\t\t\t\t<div class=\"elementor-element elementor-element-17ad708f elementor-align-center elementor-widget elementor-widget-etheme_icon_box\" data-id=\"17ad708f\" data-element_type=\"widget\" data-widget_type=\"etheme_icon_box.default\">\n\t\t\t\t<div class=\"elementor-widget-container\">\n\t\t\t\t\t\t<div class=\"etheme-icon-box etheme-icon-box-icon-position-top\">\r\n        \r\n                            \r\n                <div class=\"etheme-icon-box-icon etheme-icon-box-icon-type-image\">\r\n        \r\n                <img decoding=\"async\" width=\"113\" height=\"113\" src=\"https:\/\/homeydz.com\/wp-content\/uploads\/2024\/04\/openmoji_instagram.png\" class=\"attachment-thumbnail size-thumbnail wp-image-2043\" alt=\"\" srcset=\"https:\/\/homeydz.com\/wp-content\/uploads\/2024\/04\/openmoji_instagram.png 113w, https:\/\/homeydz.com\/wp-content\/uploads\/2024\/04\/openmoji_instagram-100x100.png 100w, https:\/\/homeydz.com\/wp-content\/uploads\/2024\/04\/openmoji_instagram-4x3.png 4w, https:\/\/homeydz.com\/wp-content\/uploads\/2024\/04\/openmoji_instagram-10x10.png 10w\" sizes=\"(max-width: 113px) 100vw, 113px\" \/>        \r\n                <\/div>\r\n            \r\n                <div class=\"etheme-icon-box-content\">\r\n\t\t\r\n                                        \r\n                    \t\t\r\n                                            <p class=\"etheme-icon-box-description\">\r\n                            Vous pouvez nous envoyer un message sur Instagram. L'\u00e9quipe HOMEY est pr\u00eate \u00e0 r\u00e9pondre \u00e0 tous vos besoins.                        <\/p>\r\n                    \r\n                            <a href=\"https:\/\/www.instagram.com\/homey_._\/\" class=\"elementor-button-link elementor-button\" role=\"button\">\r\n                \r\n                    \r\n                <span class=\"button-text\">Suivez nous<\/span>\r\n                \r\n                    \r\n            <\/a>\r\n                    \r\n                <\/div>\r\n\t\t\t<\/div>\r\n\t\t\t\t<\/div>\n\t\t\t\t<\/div>\n\t\t\t\t\t<\/div>\n\t\t<\/div>\n\t\t\t\t\t<\/div>\n\t\t<\/section>\n\t\t\t\t<section class=\"elementor-section elementor-top-section elementor-element elementor-element-4a2ff772 elementor-section-boxed elementor-section-height-default elementor-section-height-default\" data-id=\"4a2ff772\" data-element_type=\"section\">\n\t\t\t\t\t\t<div class=\"elementor-container elementor-column-gap-no\">\n\t\t\t\t\t<div class=\"elementor-column elementor-col-100 elementor-top-column elementor-element elementor-element-79ac4825\" data-id=\"79ac4825\" data-element_type=\"column\">\n\t\t\t<div class=\"elementor-widget-wrap elementor-element-populated\">\n\t\t\t\t\t\t<div class=\"elementor-element elementor-element-5e509b8 elementor-widget elementor-widget-heading\" data-id=\"5e509b8\" data-element_type=\"widget\" data-widget_type=\"heading.default\">\n\t\t\t\t<div class=\"elementor-widget-container\">\n\t\t\t<h2 class=\"elementor-heading-title elementor-size-default\">Besoin d'aide ? Contactez-nous<\/h2>\t\t<\/div>\n\t\t\t\t<\/div>\n\t\t\t\t<div class=\"elementor-element elementor-element-f821361 etheme-contact-form-7-button-full-width elementor-widget elementor-widget-et-contact-form-7\" data-id=\"f821361\" data-element_type=\"widget\" data-widget_type=\"et-contact-form-7.default\">\n\t\t\t\t<div class=\"elementor-widget-container\">\n\t\t\t                <div class=\"pp-contact-form etheme-contact-form-7 placeholder-show\">\r\n                                        \n<div class=\"wpcf7 no-js\" id=\"wpcf7-f626-o1\" lang=\"en-US\" dir=\"ltr\">\n<div class=\"screen-reader-response\"><p role=\"status\" aria-live=\"polite\" aria-atomic=\"true\"><\/p> <ul><\/ul><\/div>\n<form action=\"\/index.php\/wp-json\/wp\/v2\/pages\/54#wpcf7-f626-o1\" method=\"post\" class=\"wpcf7-form init\" aria-label=\"Contact form\" novalidate=\"novalidate\" data-status=\"init\">\n<div style=\"display: none;\">\n<input type=\"hidden\" name=\"_wpcf7\" value=\"626\" \/>\n<input type=\"hidden\" name=\"_wpcf7_version\" value=\"5.9.3\" \/>\n<input type=\"hidden\" name=\"_wpcf7_locale\" value=\"en_US\" \/>\n<input type=\"hidden\" name=\"_wpcf7_unit_tag\" value=\"wpcf7-f626-o1\" \/>\n<input type=\"hidden\" name=\"_wpcf7_container_post\" value=\"0\" \/>\n<input type=\"hidden\" name=\"_wpcf7_posted_data_hash\" value=\"\" \/>\n<\/div>\n<div class=\"form-group\">\n\t<p><span class=\"wpcf7-form-control-wrap\" data-name=\"your-name\"><input size=\"40\" class=\"wpcf7-form-control wpcf7-text wpcf7-validates-as-required\" aria-required=\"true\" aria-invalid=\"false\" placeholder=\"Name\" value=\"\" type=\"text\" name=\"your-name\" \/><\/span>\n\t<\/p>\n\t<p><span class=\"wpcf7-form-control-wrap\" data-name=\"your-email\"><input size=\"40\" class=\"wpcf7-form-control wpcf7-email wpcf7-validates-as-required wpcf7-text wpcf7-validates-as-email\" aria-required=\"true\" aria-invalid=\"false\" placeholder=\"E-mail\" value=\"\" type=\"email\" name=\"your-email\" \/><\/span>\n\t<\/p>\n<\/div>\n<p><span class=\"wpcf7-form-control-wrap\" data-name=\"your-message\"><textarea cols=\"4\" rows=\"7\" class=\"wpcf7-form-control wpcf7-textarea\" aria-invalid=\"false\" placeholder=\"Write Your Message\" name=\"your-message\"><\/textarea><\/span>\n<\/p>\n<p><input class=\"wpcf7-form-control wpcf7-submit has-spinner\" type=\"submit\" value=\"Send Message\" \/>\n<\/p><div class=\"wpcf7-response-output\" aria-hidden=\"true\"><\/div>\n<\/form>\n<\/div>\n                <\/div>\r\n                \t\t<\/div>\n\t\t\t\t<\/div>\n\t\t\t\t\t<\/div>\n\t\t<\/div>\n\t\t\t\t\t<\/div>\n\t\t<\/section>\n\t\t\t\t<\/div>\n\t\t","protected":false},"excerpt":{"rendered":"<p>&#8230;<\/p>\n","protected":false},"author":1,"featured_media":0,"parent":0,"menu_order":0,"comment_status":"closed","ping_status":"closed","template":"","meta":{"footnotes":""},"_links":{"self":[{"href":"https:\/\/homeydz.com\/index.php\/wp-json\/wp\/v2\/pages\/54"}],"collection":[{"href":"https:\/\/homeydz.com\/index.php\/wp-json\/wp\/v2\/pages"}],"about":[{"href":"https:\/\/homeydz.com\/index.php\/wp-json\/wp\/v2\/types\/page"}],"author":[{"embeddable":true,"href":"https:\/\/homeydz.com\/index.php\/wp-json\/wp\/v2\/users\/1"}],"replies":[{"embeddable":true,"href":"https:\/\/homeydz.com\/index.php\/wp-json\/wp\/v2\/comments?post=54"}],"version-history":[{"count":12,"href":"https:\/\/homeydz.com\/index.php\/wp-json\/wp\/v2\/pages\/54\/revisions"}],"predecessor-version":[{"id":2046,"href":"https:\/\/homeydz.com\/index.php\/wp-json\/wp\/v2\/pages\/54\/revisions\/2046"}],"wp:attachment":[{"href":"https:\/\/homeydz.com\/index.php\/wp-json\/wp\/v2\/media?parent=54"}],"curies":[{"name":"wp","href":"https:\/\/api.w.org\/{rel}","templated":true}]}}