{"id":6439,"date":"2025-10-24T20:14:03","date_gmt":"2025-10-24T18:14:03","guid":{"rendered":"https:\/\/homeydz.com\/?post_type=product&#038;p=6439"},"modified":"2026-01-30T03:07:08","modified_gmt":"2026-01-30T02:07:08","slug":"jete-carre-creme-vide","status":"publish","type":"product","link":"https:\/\/homeydz.com\/index.php\/produit\/jete-carre-creme-vide\/","title":{"rendered":"Jet\u00e9 carr\u00e9 cr\u00e8me vide"},"content":{"rendered":"<p>Dimension :\u00a0 45\/45<\/p>\n","protected":false},"excerpt":{"rendered":"<p>&#8230;<\/p>\n","protected":false},"featured_media":0,"template":"","meta":[],"etheme_brands":[],"product_cat":[16],"product_tag":[],"_links":{"self":[{"href":"https:\/\/homeydz.com\/index.php\/wp-json\/wp\/v2\/product\/6439"}],"collection":[{"href":"https:\/\/homeydz.com\/index.php\/wp-json\/wp\/v2\/product"}],"about":[{"href":"https:\/\/homeydz.com\/index.php\/wp-json\/wp\/v2\/types\/product"}],"version-history":[{"count":1,"href":"https:\/\/homeydz.com\/index.php\/wp-json\/wp\/v2\/product\/6439\/revisions"}],"predecessor-version":[{"id":6443,"href":"https:\/\/homeydz.com\/index.php\/wp-json\/wp\/v2\/product\/6439\/revisions\/6443"}],"wp:attachment":[{"href":"https:\/\/homeydz.com\/index.php\/wp-json\/wp\/v2\/media?parent=6439"}],"wp:term":[{"taxonomy":"brand","embeddable":true,"href":"https:\/\/homeydz.com\/index.php\/wp-json\/wp\/v2\/etheme_brands?post=6439"},{"taxonomy":"product_cat","embeddable":true,"href":"https:\/\/homeydz.com\/index.php\/wp-json\/wp\/v2\/product_cat?post=6439"},{"taxonomy":"product_tag","embeddable":true,"href":"https:\/\/homeydz.com\/index.php\/wp-json\/wp\/v2\/product_tag?post=6439"}],"curies":[{"name":"wp","href":"https:\/\/api.w.org\/{rel}","templated":true}]}}